{"id":46375,"date":"2023-11-30T15:24:42","date_gmt":"2023-11-30T12:24:42","guid":{"rendered":"https:\/\/narbulut.com\/narbulut-easy-image-backup-indirme-formu\/"},"modified":"2023-12-23T00:50:57","modified_gmt":"2023-12-22T21:50:57","slug":"narbulut-easy-image-backup-download-form","status":"publish","type":"page","link":"https:\/\/narbulut.com\/en\/narbulut-easy-image-backup-download-form\/","title":{"rendered":"Narbulut Easy Image Backup Download Form (NOT USED)"},"content":{"rendered":"\t\t<div data-elementor-type=\"wp-page\" data-elementor-id=\"46375\" class=\"elementor elementor-46375 elementor-46117\" data-elementor-post-type=\"page\">\n\t\t\t\t\t\t<section class=\"elementor-section elementor-top-section elementor-element elementor-element-8215ea9 elementor-section-boxed elementor-section-height-default elementor-section-height-default\" data-id=\"8215ea9\" data-element_type=\"section\" id=\"easy-image-backup-demo-form\">\n\t\t\t\t\t\t<div class=\"elementor-container elementor-column-gap-default\">\n\t\t\t\t\t<div class=\"elementor-column elementor-col-100 elementor-top-column elementor-element elementor-element-8df11b6 layouts-column-align-inherit layouts-section-position-none\" data-id=\"8df11b6\" data-element_type=\"column\">\n\t\t\t<div class=\"elementor-widget-wrap elementor-element-populated\">\n\t\t\t\t\t\t<div class=\"hf-elementor-layout elementor-element elementor-element-e46b3d4 elementor-widget elementor-widget-image\" data-id=\"e46b3d4\" data-element_type=\"widget\" data-widget_type=\"image.default\">\n\t\t\t\t<div class=\"elementor-widget-container\">\n\t\t\t<style>\/*! elementor - v3.22.0 - 26-06-2024 *\/\n.elementor-widget-image{text-align:center}.elementor-widget-image a{display:inline-block}.elementor-widget-image a img[src$=\".svg\"]{width:48px}.elementor-widget-image img{vertical-align:middle;display:inline-block}<\/style>\t\t\t\t\t\t\t\t\t\t<img fetchpriority=\"high\" decoding=\"async\" width=\"300\" height=\"300\" src=\"https:\/\/narbulut.com\/wp-content\/uploads\/2023\/10\/narbulut-logo-loader-blue.svg\" class=\"attachment-medium size-medium wp-image-46235\" alt=\"\" sizes=\"100vw\" \/>\t\t\t\t\t\t\t\t\t\t\t\t\t<\/div>\n\t\t\t\t<\/div>\n\t\t\t\t<div class=\"hf-elementor-layout elementor-element elementor-element-38901ae elementor-widget elementor-widget-shortcode\" data-id=\"38901ae\" data-element_type=\"widget\" data-widget_type=\"shortcode.default\">\n\t\t\t\t<div class=\"elementor-widget-container\">\n\t\t\t\t\t<div class=\"elementor-shortcode\">\n<div class=\"wpcf7 no-js\" id=\"wpcf7-f46118-o1\" lang=\"tr-TR\" dir=\"ltr\">\n<div class=\"screen-reader-response\"><p role=\"status\" aria-live=\"polite\" aria-atomic=\"true\"><\/p> <ul><\/ul><\/div>\n<form action=\"\/en\/wp-json\/wp\/v2\/pages\/46375#wpcf7-f46118-o1\" method=\"post\" class=\"wpcf7-form init wpcf7-acceptance-as-validation\" aria-label=\"\u0130leti\u015fim Formu\" novalidate=\"novalidate\" data-status=\"init\">\n<div style=\"display: none;\">\n<input type=\"hidden\" name=\"_wpcf7\" value=\"46118\" \/>\n<input type=\"hidden\" name=\"_wpcf7_version\" value=\"5.9.6\" \/>\n<input type=\"hidden\" name=\"_wpcf7_locale\" value=\"tr_TR\" \/>\n<input type=\"hidden\" name=\"_wpcf7_unit_tag\" value=\"wpcf7-f46118-o1\" \/>\n<input type=\"hidden\" name=\"_wpcf7_container_post\" value=\"0\" \/>\n<input type=\"hidden\" name=\"_wpcf7_posted_data_hash\" value=\"\" \/>\n<input type=\"hidden\" name=\"_wpcf7_recaptcha_response\" value=\"\" \/>\n<\/div>\n            <style>\n                :root {\n                    --uacf7-slider-Selection-Color: #1e90ff;\n                    --uacf7-slider-handle-color: #3498db;\n                    --uacf7-slider-handle-width: 24px;\n                    --uacf7-slider-handle-height: 24px;\n                    --uacf7-slider-handle-border-radius: 24px;\n                    --uacf7-slider-range-slider-height: 9px;\n                }\n                .uacf7-form-46118 .ui-slider-horizontal .ui-slider-range {\n                    background-color: #1e90ff;\n                    height: 9px;\n                }\n                .uacf7-form-46118 .ui-widget.ui-widget-content {\n                    height: 9px;\n                    border: 1px solid #1e90ff;\n                    background-color: #EEE;\n                }\n                .uacf7-form-46118 .ui-state-default, .ui-widget-content .ui-state-default{\n                    background-color: #3498db;\n                    width: 24px;\n                    height: 24px;\n                    border-radius: 24px;\n                    cursor: pointer;\n                    border: none !important;\n                    top: -8px;\n                    position: absolute;\n                    \n                }\n              \n                .uacf7-form-46118 .ui-slider-horizontal .ui-slider-handle {\n                    top: -8.5px;\n                }\n                .uacf7-form-46118 input[type=range] {\n                    background-color: #1e90ff;\n                    height: 9px;\n                    border-radius: 5px;\n                }\n                .uacf7-form-46118 .ui-slider-horizontal{\n                    height: 9px;\n                }\n                .uacf7-form-46118 .uacf7-slider::-webkit-slider-thumb {\n                    -webkit-appearance: none;\n                    appearance: none;\n                    width: 24px;\n                    height: 24px;\n                    background:#3498db;\n                    border-radius: 24px;\n                    cursor: pointer;\n                }\n\n                .uacf7-form-46118 .uacf7-slider::-moz-range-thumb {\n                    width: 24px;\n                    height: 24px;\n                    background: #3498db;\n                    border-radius: 24px;\n                    cursor: pointer;\n                }\n            <\/style>\n\n            <div class=\"uacf7-form-46118\"><div class=\"uacf7-form-46118\"><div class=row>\n<div class=\"col-lg-12\">\n    <span class=\"wpcf7-form-control-wrap\" data-name=\"your-name\"><input size=\"40\" maxlength=\"80\" class=\"wpcf7-form-control wpcf7-text wpcf7-validates-as-required\" aria-required=\"true\" aria-invalid=\"false\" placeholder=\"Ad\u0131n\u0131z\" value=\"\" type=\"text\" name=\"your-name\" \/><\/span> \n<\/div>\n<div class=\"col-lg-12\">\n    <span class=\"wpcf7-form-control-wrap\" data-name=\"last-name\"><input size=\"40\" maxlength=\"80\" class=\"wpcf7-form-control wpcf7-text wpcf7-validates-as-required\" aria-required=\"true\" aria-invalid=\"false\" placeholder=\"Soyad\u0131n\u0131z\" value=\"\" type=\"text\" name=\"last-name\" \/><\/span> \n<\/div>\n<div class=\"col-lg-12\">\n    <span class=\"wpcf7-form-control-wrap\" data-name=\"your-email\"><input size=\"40\" maxlength=\"80\" class=\"wpcf7-form-control wpcf7-email wpcf7-validates-as-required wpcf7-text wpcf7-validates-as-email\" aria-required=\"true\" aria-invalid=\"false\" placeholder=\"E-Posta Adresiniz\" value=\"\" type=\"email\" name=\"your-email\" \/><\/span>\n<\/div>\n<div class=\"col-lg-12\">\n    <span class=\"wpcf7-form-control-wrap\" data-name=\"your-phone\"><input size=\"40\" maxlength=\"80\" class=\"wpcf7-form-control wpcf7-tel wpcf7-validates-as-required wpcf7-text wpcf7-validates-as-tel\" aria-required=\"true\" aria-invalid=\"false\" placeholder=\"Telefon Numaran\u0131z\" value=\"\" type=\"tel\" name=\"your-phone\" \/><\/span>\n<\/div>\n<div class=\"col-12\" style=\"font-size:13px; border-radius:5px;\">\n<textarea class=\"long-text\" style=\"overflow-y: scroll; height: 90px;\" readonly>\nK\u0130\u015e\u0130SEL VER\u0130LER\u0130N \u0130\u015eLENMES\u0130NE \u0130L\u0130\u015eK\u0130N AYDINLATMA METN\u0130\n\n1. Ayd\u0131nlatma Metni\u2019nin Amac\u0131 ve \u015eirketimizin Veri Sorumlusu Konumu:\n\n\u015eirketimiz Nar Bulut Bilgi Teknolojileri San ve Tic. A.\u015e. (\u201cNarbulut\u201d ve\/veya \u201c\u015eirket\u201d), m\u00fc\u015fterilere ili\u015fkin ki\u015fisel veriler bak\u0131m\u0131ndan 6698 say\u0131l\u0131 Ki\u015fisel Verilerin Korunmas\u0131 Kanunu (\u201cKanun\u201d) kapsam\u0131nda \u201cveri sorumlusu\u201d s\u0131fat\u0131na sahip olup i\u015fbu Ayd\u0131nlatma Metni ile s\u00f6z konusu Kanun uyar\u0131nca m\u00fc\u015fterilerin Narbulut taraf\u0131ndan ger\u00e7ekle\u015ftirilen ki\u015fisel veri i\u015fleme faaliyetleri hakk\u0131nda ayd\u0131nlat\u0131lmas\u0131 hedeflenmektedir.\n\n2. M\u00fc\u015fterilere Ait Ki\u015fisel Verilerin \u0130\u015flenme Amac\u0131:\n\nM\u00fc\u015fterilere ait ki\u015fisel veriler, Narbulut taraf\u0131ndan sunulan \u00fcr\u00fcn ve hizmetlerden ilgili ki\u015fileri faydaland\u0131rmak i\u00e7in gerekli \u00e7al\u0131\u015fmalar\u0131n i\u015f birimleri taraf\u0131ndan yap\u0131lmas\u0131 ve ilgili i\u015f s\u00fcre\u00e7lerinin y\u00fcr\u00fct\u00fclmesi, Narbulut taraf\u0131ndan y\u00fcr\u00fct\u00fclen ticari faaliyetlerin ger\u00e7ekle\u015ftirilmesi i\u00e7in ilgili i\u015f birimleri taraf\u0131ndan gerekli \u00e7al\u0131\u015fmalar\u0131n yap\u0131lmas\u0131 ve buna ba\u011fl\u0131 i\u015f s\u00fcre\u00e7lerinin y\u00fcr\u00fct\u00fclmesi, Narbulut\u2019un ticari ve\/veya i\u015f stratejilerinin planlanmas\u0131 ve icras\u0131, Narbulut\u2019un ve Narbulut ile i\u015f ili\u015fkisi i\u00e7erisinde olan ilgili ki\u015filerin hukuki, teknik ve ticari i\u015f g\u00fcvenli\u011finin temini de dahil olmak \u00fczere Kanun\u2019un 5. ve 6. maddelerinde belirtilen ki\u015fisel veri i\u015fleme \u015fartlar\u0131 ve ama\u00e7lar\u0131 \u00e7er\u00e7evesinde i\u015flenmektedir. Ki\u015fisel verilerin i\u015flenmesine ili\u015fkin detayl\u0131 bilgilere Narbulut taraf\u0131ndan 6698 say\u0131l\u0131 Kanun kapsam\u0131nda olu\u015fturulan Ki\u015fisel Verilerin \u0130\u015flenmesi ve Korunmas\u0131na \u0130li\u015fkin Politika\u2019dan ula\u015f\u0131labilecektir.\n\n3. M\u00fc\u015fterilerin A\u00e7\u0131k R\u0131zas\u0131 Do\u011frultusunda \u0130\u015flenecek Ki\u015fisel Veriler ve \u0130\u015fleme Ama\u00e7lar\u0131:\n\nA\u00e7\u0131k r\u0131za do\u011frultusunda i\u015flenecek ki\u015fisel veriler ve i\u015fleme ama\u00e7lar\u0131 R\u0131za Metni\u2019nde belirtilmi\u015ftir.\n\n4. M\u00fc\u015fterilere Ait Ki\u015fisel Verilerin Aktar\u0131m\u0131:\n\nM\u00fc\u015fterilere ait ki\u015fisel veriler, Narbulut taraf\u0131ndan sunulan \u00fcr\u00fcn ve hizmetlerden ilgili ki\u015fileri faydaland\u0131rmak i\u00e7in gerekli \u00e7al\u0131\u015fmalar\u0131n i\u015f birimleri taraf\u0131ndan yap\u0131lmas\u0131 ve ilgili i\u015f s\u00fcre\u00e7lerinin y\u00fcr\u00fct\u00fclmesi, Narbulut taraf\u0131ndan y\u00fcr\u00fct\u00fclen ticari faaliyetlerin ger\u00e7ekle\u015ftirilmesi i\u00e7in ilgili i\u015f birimleri taraf\u0131ndan gerekli \u00e7al\u0131\u015fmalar\u0131n yap\u0131lmas\u0131 ve buna ba\u011fl\u0131 i\u015f s\u00fcre\u00e7lerinin y\u00fcr\u00fct\u00fclmesi, Narbulut\u2019un ticari ve\/veya i\u015f stratejilerinin planlanmas\u0131 ve icras\u0131, Narbulut\u2019un ve Narbulut ile i\u015f ili\u015fkisi i\u00e7erisinde olan ilgili ki\u015filerin hukuki, teknik ve ticari i\u015f g\u00fcvenli\u011finin temini i\u00e7in gerekli olan aktivitelerin planlanmas\u0131 ve icras\u0131 da dahil olmak \u00fczere Kanun\u2019un 8. ve 9. maddelerinde belirtilen ki\u015fisel veri i\u015fleme \u015fartlar\u0131 ve ama\u00e7lar\u0131 \u00e7er\u00e7evesinde Nar Bulut Bilgi Teknolojileri San. Ve Tic. A.\u015e., \u015eirket yetkilileri, i\u015ftiraklerimiz, i\u015f ortaklar\u0131m\u0131z, tedarik\u00e7ilerimiz, hissedarlar\u0131m\u0131z, kanunen yetkili kamu kurum ve kurulu\u015flar\u0131 ile \u00f6zel kurumlar ile payla\u015f\u0131labilecektir.\n\n5. Ki\u015fisel Verilerin Toplanma Y\u00f6ntemi ve Hukuki Sebebi:\n\nKi\u015fisel veriler, m\u00fc\u015fterilerden elektronik ortamda toplanmaktad\u0131r. Yukar\u0131da belirtilen hukuki sebeplerle toplanan ki\u015fisel veriler Kanun\u2019un 5. ve 6. maddelerinde ve bu Ayd\u0131nlatma Metni ve a\u00e7\u0131k r\u0131za gerekli oldu\u011fu hallerde R\u0131za Metni\u2019nde belirtilen ama\u00e7larla i\u015flenebilmekte ve aktar\u0131labilmektedir.\n\n6. Ki\u015fisel Veri Sahibi Olarak M\u00fc\u015fterilerin Haklar\u0131:\n\nKanun\u2019un 11. maddesi uyar\u0131nca veri sahipleri;\n\n    Kendileri ile ilgili ki\u015fisel veri i\u015flenip i\u015flenmedi\u011fini \u00f6\u011frenme,\n\n    Ki\u015fisel verileri i\u015flenmi\u015fse buna ili\u015fkin bilgi talep etme,\n\n    Ki\u015fisel verilerin i\u015flenme amac\u0131n\u0131 ve bunlar\u0131n amac\u0131na uygun kullan\u0131l\u0131p kullan\u0131lmad\u0131\u011f\u0131n\u0131 \u00f6\u011frenme,\n\n    Yurt i\u00e7inde veya yurt d\u0131\u015f\u0131nda ki\u015fisel verilerin aktar\u0131ld\u0131\u011f\u0131 \u00fc\u00e7\u00fcnc\u00fc ki\u015fileri bilme,\n\n    Ki\u015fisel verilerin eksik veya yanl\u0131\u015f i\u015flenmi\u015f olmas\u0131 h\u00e2linde bunlar\u0131n d\u00fczeltilmesini isteme ve bu kapsamda yap\u0131lan i\u015flemin ki\u015fisel verilerin aktar\u0131ld\u0131\u011f\u0131 \u00fc\u00e7\u00fcnc\u00fc ki\u015filere bildirilmesini isteme,\n\n    Kanun ve ilgili di\u011fer kanun h\u00fck\u00fcmlerine uygun olarak i\u015flenmi\u015f olmas\u0131na ra\u011fmen, i\u015flenmesini gerektiren sebeplerin ortadan kalkmas\u0131 h\u00e2linde ki\u015fisel verilerin silinmesini veya yok edilmesini isteme ve bu kapsamda yap\u0131lan i\u015flemin ki\u015fisel verilerin aktar\u0131ld\u0131\u011f\u0131 \u00fc\u00e7\u00fcnc\u00fc ki\u015filere bildirilmesini isteme,\n\n    \u0130\u015flenen verilerin m\u00fcnhas\u0131ran otomatik sistemler vas\u0131tas\u0131yla analiz edilmesi suretiyle ki\u015finin kendisi aleyhine bir sonucun ortaya \u00e7\u0131kmas\u0131na itiraz etme,\n\n    Ki\u015fisel verilerin kanuna ayk\u0131r\u0131 olarak i\u015flenmesi sebebiyle zarara u\u011framas\u0131 h\u00e2linde zarar\u0131n giderilmesini talep etme haklar\u0131na sahiptir.\n\nS\u00f6z konusu haklar\u0131n kullan\u0131m\u0131na ili\u015fkin talepler, ki\u015fisel veri sahipleri taraf\u0131ndan Narbulut taraf\u0131ndan 6698 say\u0131l\u0131 Kanun kapsam\u0131nda olu\u015fturulan Ki\u015fisel Verilerin \u0130\u015flenmesi ve Korunmas\u0131na \u0130li\u015fkin Politika\u2018da belirtilen y\u00f6ntemlerle iletilebilecektir. Narbulut, s\u00f6z konusu talepleri de\u011ferlendirerek 30 g\u00fcn i\u00e7erisinde sonu\u00e7land\u0131racakt\u0131r.\n\nNarbulut\u2019un taleplere ili\u015fkin olarak Ki\u015fisel Verileri Koruma Kurulu taraf\u0131ndan belirlenen (varsa) \u00fccret tarifesi \u00fczerinden \u00fccret talep etme hakk\u0131 sakl\u0131d\u0131r.\n\n<\/textarea>\n<\/div>\n<div class=\"col-lg-12 acceptance-kvkk\">\n    <span class=\"wpcf7-form-control-wrap\" data-name=\"terms-and-cond\"><span class=\"wpcf7-form-control wpcf7-acceptance\"><span class=\"wpcf7-list-item\"><label><input type=\"checkbox\" name=\"terms-and-cond\" value=\"1\" aria-invalid=\"false\" \/><span class=\"wpcf7-list-item-label\">Ki\u015fisel verilerimin <a href=\"https:\/\/narbulut.com\/kvkk-aydinlatma-metni\/\" target=\"_blank\">KVKK<\/a> kapsam\u0131nda i\u015flenmesini kabul ediyorum.<\/span><\/label><\/span><\/span><\/span>\n<\/div>\n<div class=\"col-lg-12 d-flex\" style=\"justify-content: center;\">\n    <input class=\"wpcf7-form-control wpcf7-submit has-spinner\" type=\"submit\" value=\"\u00dccretsiz Olarak \u0130ndir\" \/>\n<\/div>\n<\/div><\/div><\/div><input type='hidden' class='wpcf7-pum' value='{\"closepopup\":false,\"closedelay\":0,\"openpopup\":false,\"openpopup_id\":0}' \/><div class=\"wpcf7-response-output\" aria-hidden=\"true\"><\/div>\n<\/form>\n<\/div>\n<\/div>\n\t\t\t\t<\/div>\n\t\t\t\t<\/div>\n\t\t\t\t\t<\/div>\n\t\t<\/div>\n\t\t\t\t\t<\/div>\n\t\t<\/section>\n\t\t\t\t<\/div>\n\t\t","protected":false},"excerpt":{"rendered":"","protected":false},"author":2,"featured_media":0,"parent":0,"menu_order":0,"comment_status":"closed","ping_status":"closed","template":"","meta":{"_acf_changed":false,"_joinchat":{"view":"no"},"footnotes":""},"class_list":["post-46375","page","type-page","status-publish","hentry"],"acf":[],"yoast_head":"<!-- This site is optimized with the Yoast SEO plugin v23.0 - https:\/\/yoast.com\/wordpress\/plugins\/seo\/ -->\n<title>Narbulut Easy Image Backup Download Form (NOT USED) - Everything is very easy with Narbulut!<\/title>\n<meta name=\"robots\" content=\"index, follow, max-snippet:-1, max-image-preview:large, max-video-preview:-1\" \/>\n<link rel=\"canonical\" href=\"https:\/\/narbulut.com\/narbulut-easy-image-backup-indirme-formu\/\" \/>\n<meta property=\"og:locale\" content=\"en_US\" \/>\n<meta property=\"og:type\" content=\"article\" \/>\n<meta property=\"og:title\" content=\"Narbulut Easy Image Backup Download Form (NOT USED) - Everything is very easy with Narbulut!\" \/>\n<meta property=\"og:url\" content=\"https:\/\/narbulut.com\/narbulut-easy-image-backup-indirme-formu\/\" \/>\n<meta property=\"og:site_name\" content=\"Everything is very easy with Narbulut!\" \/>\n<meta property=\"article:modified_time\" content=\"2023-12-22T21:50:57+00:00\" \/>\n<meta property=\"og:image\" content=\"https:\/\/narbulut.com\/wp-content\/uploads\/2023\/10\/narbulut-logo-loader-blue.svg\" \/>\n<meta name=\"twitter:card\" content=\"summary_large_image\" \/>\n<meta name=\"twitter:label1\" content=\"Est. reading time\" \/>\n\t<meta name=\"twitter:data1\" content=\"1 minute\" \/>\n<script type=\"application\/ld+json\" class=\"yoast-schema-graph\">{\"@context\":\"https:\/\/schema.org\",\"@graph\":[{\"@type\":\"WebPage\",\"@id\":\"https:\/\/narbulut.com\/narbulut-easy-image-backup-indirme-formu\/\",\"url\":\"https:\/\/narbulut.com\/narbulut-easy-image-backup-indirme-formu\/\",\"name\":\"Narbulut Easy Image Backup Download Form (NOT USED) - Everything is very easy with Narbulut!\",\"isPartOf\":{\"@id\":\"https:\/\/narbulut.com\/#website\"},\"primaryImageOfPage\":{\"@id\":\"https:\/\/narbulut.com\/narbulut-easy-image-backup-indirme-formu\/#primaryimage\"},\"image\":{\"@id\":\"https:\/\/narbulut.com\/narbulut-easy-image-backup-indirme-formu\/#primaryimage\"},\"thumbnailUrl\":\"https:\/\/narbulut.com\/wp-content\/uploads\/2023\/10\/narbulut-logo-loader-blue.svg\",\"datePublished\":\"2023-11-30T12:24:42+00:00\",\"dateModified\":\"2023-12-22T21:50:57+00:00\",\"breadcrumb\":{\"@id\":\"https:\/\/narbulut.com\/narbulut-easy-image-backup-indirme-formu\/#breadcrumb\"},\"inLanguage\":\"en-US\",\"potentialAction\":[{\"@type\":\"ReadAction\",\"target\":[\"https:\/\/narbulut.com\/narbulut-easy-image-backup-indirme-formu\/\"]}]},{\"@type\":\"ImageObject\",\"inLanguage\":\"en-US\",\"@id\":\"https:\/\/narbulut.com\/narbulut-easy-image-backup-indirme-formu\/#primaryimage\",\"url\":\"https:\/\/narbulut.com\/wp-content\/uploads\/2023\/10\/narbulut-logo-loader-blue.svg\",\"contentUrl\":\"https:\/\/narbulut.com\/wp-content\/uploads\/2023\/10\/narbulut-logo-loader-blue.svg\"},{\"@type\":\"BreadcrumbList\",\"@id\":\"https:\/\/narbulut.com\/narbulut-easy-image-backup-indirme-formu\/#breadcrumb\",\"itemListElement\":[{\"@type\":\"ListItem\",\"position\":1,\"name\":\"Anasayfa\",\"item\":\"https:\/\/narbulut.com\/en\/\"},{\"@type\":\"ListItem\",\"position\":2,\"name\":\"Narbulut Easy Image Backup Download Form (NOT USED)\"}]},{\"@type\":\"WebSite\",\"@id\":\"https:\/\/narbulut.com\/#website\",\"url\":\"https:\/\/narbulut.com\/\",\"name\":\"Everything is very easy with Narbulut!\",\"description\":\"Safe data, secure future...\",\"publisher\":{\"@id\":\"https:\/\/narbulut.com\/#organization\"},\"potentialAction\":[{\"@type\":\"SearchAction\",\"target\":{\"@type\":\"EntryPoint\",\"urlTemplate\":\"https:\/\/narbulut.com\/?s={search_term_string}\"},\"query-input\":\"required name=search_term_string\"}],\"inLanguage\":\"en-US\"},{\"@type\":\"Organization\",\"@id\":\"https:\/\/narbulut.com\/#organization\",\"name\":\"Everything is very easy with Narbulut!\",\"url\":\"https:\/\/narbulut.com\/\",\"logo\":{\"@type\":\"ImageObject\",\"inLanguage\":\"en-US\",\"@id\":\"https:\/\/narbulut.com\/#\/schema\/logo\/image\/\",\"url\":\"https:\/\/narbulut.com\/wp-content\/uploads\/2025\/06\/cropped-icon_logo.webp\",\"contentUrl\":\"https:\/\/narbulut.com\/wp-content\/uploads\/2025\/06\/cropped-icon_logo.webp\",\"width\":250,\"height\":250,\"caption\":\"Everything is very easy with Narbulut!\"},\"image\":{\"@id\":\"https:\/\/narbulut.com\/#\/schema\/logo\/image\/\"}}]}<\/script>\n<!-- \/ Yoast SEO plugin. -->","yoast_head_json":{"title":"Narbulut Easy Image Backup Download Form (NOT USED) - Everything is very easy with Narbulut!","robots":{"index":"index","follow":"follow","max-snippet":"max-snippet:-1","max-image-preview":"max-image-preview:large","max-video-preview":"max-video-preview:-1"},"canonical":"https:\/\/narbulut.com\/narbulut-easy-image-backup-indirme-formu\/","og_locale":"en_US","og_type":"article","og_title":"Narbulut Easy Image Backup Download Form (NOT USED) - Everything is very easy with Narbulut!","og_url":"https:\/\/narbulut.com\/narbulut-easy-image-backup-indirme-formu\/","og_site_name":"Everything is very easy with Narbulut!","article_modified_time":"2023-12-22T21:50:57+00:00","og_image":[{"url":"https:\/\/narbulut.com\/wp-content\/uploads\/2023\/10\/narbulut-logo-loader-blue.svg"}],"twitter_card":"summary_large_image","twitter_misc":{"Est. reading time":"1 minute"},"schema":{"@context":"https:\/\/schema.org","@graph":[{"@type":"WebPage","@id":"https:\/\/narbulut.com\/narbulut-easy-image-backup-indirme-formu\/","url":"https:\/\/narbulut.com\/narbulut-easy-image-backup-indirme-formu\/","name":"Narbulut Easy Image Backup Download Form (NOT USED) - Everything is very easy with Narbulut!","isPartOf":{"@id":"https:\/\/narbulut.com\/#website"},"primaryImageOfPage":{"@id":"https:\/\/narbulut.com\/narbulut-easy-image-backup-indirme-formu\/#primaryimage"},"image":{"@id":"https:\/\/narbulut.com\/narbulut-easy-image-backup-indirme-formu\/#primaryimage"},"thumbnailUrl":"https:\/\/narbulut.com\/wp-content\/uploads\/2023\/10\/narbulut-logo-loader-blue.svg","datePublished":"2023-11-30T12:24:42+00:00","dateModified":"2023-12-22T21:50:57+00:00","breadcrumb":{"@id":"https:\/\/narbulut.com\/narbulut-easy-image-backup-indirme-formu\/#breadcrumb"},"inLanguage":"en-US","potentialAction":[{"@type":"ReadAction","target":["https:\/\/narbulut.com\/narbulut-easy-image-backup-indirme-formu\/"]}]},{"@type":"ImageObject","inLanguage":"en-US","@id":"https:\/\/narbulut.com\/narbulut-easy-image-backup-indirme-formu\/#primaryimage","url":"https:\/\/narbulut.com\/wp-content\/uploads\/2023\/10\/narbulut-logo-loader-blue.svg","contentUrl":"https:\/\/narbulut.com\/wp-content\/uploads\/2023\/10\/narbulut-logo-loader-blue.svg"},{"@type":"BreadcrumbList","@id":"https:\/\/narbulut.com\/narbulut-easy-image-backup-indirme-formu\/#breadcrumb","itemListElement":[{"@type":"ListItem","position":1,"name":"Anasayfa","item":"https:\/\/narbulut.com\/en\/"},{"@type":"ListItem","position":2,"name":"Narbulut Easy Image Backup Download Form (NOT USED)"}]},{"@type":"WebSite","@id":"https:\/\/narbulut.com\/#website","url":"https:\/\/narbulut.com\/","name":"Everything is very easy with Narbulut!","description":"Safe data, secure future...","publisher":{"@id":"https:\/\/narbulut.com\/#organization"},"potentialAction":[{"@type":"SearchAction","target":{"@type":"EntryPoint","urlTemplate":"https:\/\/narbulut.com\/?s={search_term_string}"},"query-input":"required name=search_term_string"}],"inLanguage":"en-US"},{"@type":"Organization","@id":"https:\/\/narbulut.com\/#organization","name":"Everything is very easy with Narbulut!","url":"https:\/\/narbulut.com\/","logo":{"@type":"ImageObject","inLanguage":"en-US","@id":"https:\/\/narbulut.com\/#\/schema\/logo\/image\/","url":"https:\/\/narbulut.com\/wp-content\/uploads\/2025\/06\/cropped-icon_logo.webp","contentUrl":"https:\/\/narbulut.com\/wp-content\/uploads\/2025\/06\/cropped-icon_logo.webp","width":250,"height":250,"caption":"Everything is very easy with Narbulut!"},"image":{"@id":"https:\/\/narbulut.com\/#\/schema\/logo\/image\/"}}]}},"_links":{"self":[{"href":"https:\/\/narbulut.com\/en\/wp-json\/wp\/v2\/pages\/46375","targetHints":{"allow":["GET"]}}],"collection":[{"href":"https:\/\/narbulut.com\/en\/wp-json\/wp\/v2\/pages"}],"about":[{"href":"https:\/\/narbulut.com\/en\/wp-json\/wp\/v2\/types\/page"}],"author":[{"embeddable":true,"href":"https:\/\/narbulut.com\/en\/wp-json\/wp\/v2\/users\/2"}],"replies":[{"embeddable":true,"href":"https:\/\/narbulut.com\/en\/wp-json\/wp\/v2\/comments?post=46375"}],"version-history":[{"count":0,"href":"https:\/\/narbulut.com\/en\/wp-json\/wp\/v2\/pages\/46375\/revisions"}],"wp:attachment":[{"href":"https:\/\/narbulut.com\/en\/wp-json\/wp\/v2\/media?parent=46375"}],"curies":[{"name":"wp","href":"https:\/\/api.w.org\/{rel}","templated":true}]}}